{"id":107,"date":"2019-08-14T14:21:10","date_gmt":"2019-08-14T14:21:10","guid":{"rendered":"https:\/\/bekefiiskola.hu\/web\/?page_id=107"},"modified":"2026-04-17T09:03:01","modified_gmt":"2026-04-17T09:03:01","slug":"dokumentumok","status":"publish","type":"page","link":"https:\/\/bekefiiskola.hu\/web\/dokumentumok\/","title":{"rendered":"Dokumentumok"},"content":{"rendered":"\t\t<div data-elementor-type=\"wp-post\" data-elementor-id=\"107\" class=\"elementor elementor-107\" data-elementor-post-type=\"page\">\n\t\t\t\t\t\t<section class=\"elementor-section elementor-top-section elementor-element elementor-element-864fdae elementor-section-content-middle elementor-section-height-min-height elementor-section-boxed elementor-section-height-default elementor-section-items-middle\" data-id=\"864fdae\" data-element_type=\"section\" data-settings=\"{&quot;background_background&quot;:&quot;classic&quot;,&quot;shape_divider_bottom&quot;:&quot;wave-brush&quot;}\">\n\t\t\t\t\t\t\t<div class=\"elementor-background-overlay\"><\/div>\n\t\t\t\t\t\t<div class=\"elementor-shape elementor-shape-bottom\" aria-hidden=\"true\" data-negative=\"false\">\n\t\t\t<svg xmlns=\"http:\/\/www.w3.org\/2000\/svg\" viewBox=\"0 0 283.5 27.8\" preserveAspectRatio=\"none\">\n\t<path class=\"elementor-shape-fill\" d=\"M283.5,9.7c0,0-7.3,4.3-14,4.6c-6.8,0.3-12.6,0-20.9-1.5c-11.3-2-33.1-10.1-44.7-5.7\ts-12.1,4.6-18,7.4c-6.6,3.2-20,9.6-36.6,9.3C131.6,23.5,99.5,7.2,86.3,8c-1.4,0.1-6.6,0.8-10.5,2c-3.8,1.2-9.4,3.8-17,4.7\tc-3.2,0.4-8.3,1.1-14.2,0.9c-1.5-0.1-6.3-0.4-12-1.6c-5.7-1.2-11-3.1-15.8-3.7C6.5,9.2,0,10.8,0,10.8V0h283.5V9.7z M260.8,11.3\tc-0.7-1-2-0.4-4.3-0.4c-2.3,0-6.1-1.2-5.8-1.1c0.3,0.1,3.1,1.5,6,1.9C259.7,12.2,261.4,12.3,260.8,11.3z M242.4,8.6\tc0,0-2.4-0.2-5.6-0.9c-3.2-0.8-10.3-2.8-15.1-3.5c-8.2-1.1-15.8,0-15.1,0.1c0.8,0.1,9.6-0.6,17.6,1.1c3.3,0.7,9.3,2.2,12.4,2.7\tC239.9,8.7,242.4,8.6,242.4,8.6z M185.2,8.5c1.7-0.7-13.3,4.7-18.5,6.1c-2.1,0.6-6.2,1.6-10,2c-3.9,0.4-8.9,0.4-8.8,0.5\tc0,0.2,5.8,0.8,11.2,0c5.4-0.8,5.2-1.1,7.6-1.6C170.5,14.7,183.5,9.2,185.2,8.5z M199.1,6.9c0.2,0-0.8-0.4-4.8,1.1\tc-4,1.5-6.7,3.5-6.9,3.7c-0.2,0.1,3.5-1.8,6.6-3C197,7.5,199,6.9,199.1,6.9z M283,6c-0.1,0.1-1.9,1.1-4.8,2.5s-6.9,2.8-6.7,2.7\tc0.2,0,3.5-0.6,7.4-2.5C282.8,6.8,283.1,5.9,283,6z M31.3,11.6c0.1-0.2-1.9-0.2-4.5-1.2s-5.4-1.6-7.8-2C15,7.6,7.3,8.5,7.7,8.6\tC8,8.7,15.9,8.3,20.2,9.3c2.2,0.5,2.4,0.5,5.7,1.6S31.2,11.9,31.3,11.6z M73,9.2c0.4-0.1,3.5-1.6,8.4-2.6c4.9-1.1,8.9-0.5,8.9-0.8\tc0-0.3-1-0.9-6.2-0.3S72.6,9.3,73,9.2z M71.6,6.7C71.8,6.8,75,5.4,77.3,5c2.3-0.3,1.9-0.5,1.9-0.6c0-0.1-1.1-0.2-2.7,0.2\tC74.8,5.1,71.4,6.6,71.6,6.7z M93.6,4.4c0.1,0.2,3.5,0.8,5.6,1.8c2.1,1,1.8,0.6,1.9,0.5c0.1-0.1-0.8-0.8-2.4-1.3\tC97.1,4.8,93.5,4.2,93.6,4.4z M65.4,11.1c-0.1,0.3,0.3,0.5,1.9-0.2s2.6-1.3,2.2-1.2s-0.9,0.4-2.5,0.8C65.3,10.9,65.5,10.8,65.4,11.1\tz M34.5,12.4c-0.2,0,2.1,0.8,3.3,0.9c1.2,0.1,2,0.1,2-0.2c0-0.3-0.1-0.5-1.6-0.4C36.6,12.8,34.7,12.4,34.5,12.4z M152.2,21.1\tc-0.1,0.1-2.4-0.3-7.5-0.3c-5,0-13.6-2.4-17.2-3.5c-3.6-1.1,10,3.9,16.5,4.1C150.5,21.6,152.3,21,152.2,21.1z\"\/>\n\t<path class=\"elementor-shape-fill\" d=\"M269.6,18c-0.1-0.1-4.6,0.3-7.2,0c-7.3-0.7-17-3.2-16.6-2.9c0.4,0.3,13.7,3.1,17,3.3\tC267.7,18.8,269.7,18,269.6,18z\"\/>\n\t<path class=\"elementor-shape-fill\" d=\"M227.4,9.8c-0.2-0.1-4.5-1-9.5-1.2c-5-0.2-12.7,0.6-12.3,0.5c0.3-0.1,5.9-1.8,13.3-1.2\tS227.6,9.9,227.4,9.8z\"\/>\n\t<path class=\"elementor-shape-fill\" d=\"M204.5,13.4c-0.1-0.1,2-1,3.2-1.1c1.2-0.1,2,0,2,0.3c0,0.3-0.1,0.5-1.6,0.4\tC206.4,12.9,204.6,13.5,204.5,13.4z\"\/>\n\t<path class=\"elementor-shape-fill\" d=\"M201,10.6c0-0.1-4.4,1.2-6.3,2.2c-1.9,0.9-6.2,3.1-6.1,3.1c0.1,0.1,4.2-1.6,6.3-2.6\tS201,10.7,201,10.6z\"\/>\n\t<path class=\"elementor-shape-fill\" d=\"M154.5,26.7c-0.1-0.1-4.6,0.3-7.2,0c-7.3-0.7-17-3.2-16.6-2.9c0.4,0.3,13.7,3.1,17,3.3\tC152.6,27.5,154.6,26.8,154.5,26.7z\"\/>\n\t<path class=\"elementor-shape-fill\" d=\"M41.9,19.3c0,0,1.2-0.3,2.9-0.1c1.7,0.2,5.8,0.9,8.2,0.7c4.2-0.4,7.4-2.7,7-2.6\tc-0.4,0-4.3,2.2-8.6,1.9c-1.8-0.1-5.1-0.5-6.7-0.4S41.9,19.3,41.9,19.3z\"\/>\n\t<path class=\"elementor-shape-fill\" d=\"M75.5,12.6c0.2,0.1,2-0.8,4.3-1.1c2.3-0.2,2.1-0.3,2.1-0.5c0-0.1-1.8-0.4-3.4,0\tC76.9,11.5,75.3,12.5,75.5,12.6z\"\/>\n\t<path class=\"elementor-shape-fill\" d=\"M15.6,13.2c0-0.1,4.3,0,6.7,0.5c2.4,0.5,5,1.9,5,2c0,0.1-2.7-0.8-5.1-1.4\tC19.9,13.7,15.7,13.3,15.6,13.2z\"\/>\n<\/svg>\t\t<\/div>\n\t\t\t\t\t<div class=\"elementor-container elementor-column-gap-extended\">\n\t\t\t\t\t<div class=\"elementor-column elementor-col-100 elementor-top-column elementor-element elementor-element-2cfd895\" data-id=\"2cfd895\" data-element_type=\"column\">\n\t\t\t<div class=\"elementor-widget-wrap elementor-element-populated\">\n\t\t\t\t\t\t<div class=\"elementor-element elementor-element-b8c5eaf elementor-invisible elementor-widget elementor-widget-heading\" data-id=\"b8c5eaf\" data-element_type=\"widget\" data-settings=\"{&quot;_animation&quot;:&quot;fadeInDown&quot;}\" data-widget_type=\"heading.default\">\n\t\t\t\t<div class=\"elementor-widget-container\">\n\t\t\t\t\t<h1 class=\"elementor-heading-title elementor-size-default\">Dokumentumok<\/h1>\t\t\t\t<\/div>\n\t\t\t\t<\/div>\n\t\t\t\t\t<\/div>\n\t\t<\/div>\n\t\t\t\t\t<\/div>\n\t\t<\/section>\n\t\t\t\t<section class=\"elementor-section elementor-top-section elementor-element elementor-element-8481081 elementor-section-full_width elementor-section-height-default elementor-section-height-default\" data-id=\"8481081\" data-element_type=\"section\">\n\t\t\t\t\t\t<div class=\"elementor-container elementor-column-gap-default\">\n\t\t\t\t\t<div class=\"elementor-column elementor-col-100 elementor-top-column elementor-element elementor-element-40af701\" data-id=\"40af701\" data-element_type=\"column\" data-settings=\"{&quot;background_background&quot;:&quot;classic&quot;}\">\n\t\t\t<div class=\"elementor-widget-wrap elementor-element-populated\">\n\t\t\t\t\t\t<div class=\"elementor-element elementor-element-57d4c32 elementor-widget elementor-widget-heading\" data-id=\"57d4c32\" data-element_type=\"widget\" data-widget_type=\"heading.default\">\n\t\t\t\t<div class=\"elementor-widget-container\">\n\t\t\t\t\t<h2 class=\"elementor-heading-title elementor-size-default\"><a href=\"https:\/\/bekefiiskola.hu\/web\/wp-content\/uploads\/2019\/09\/B\u00e9kefi-H\u00e1zirend-2017.doc\" target=\"_blank\" rel=\"nofollow\">Beiratkoz\u00e1si dokumentumok<\/a><\/h2>\t\t\t\t<\/div>\n\t\t\t\t<\/div>\n\t\t\t\t\t<\/div>\n\t\t<\/div>\n\t\t\t\t\t<\/div>\n\t\t<\/section>\n\t\t\t\t<section class=\"elementor-section elementor-top-section elementor-element elementor-element-a921a7e elementor-section-boxed elementor-section-height-default elementor-section-height-default\" data-id=\"a921a7e\" data-element_type=\"section\" data-settings=\"{&quot;background_background&quot;:&quot;classic&quot;}\">\n\t\t\t\t\t\t<div class=\"elementor-container elementor-column-gap-default\">\n\t\t\t\t\t<div class=\"elementor-column elementor-col-100 elementor-top-column elementor-element elementor-element-2c12b02\" data-id=\"2c12b02\" data-element_type=\"column\">\n\t\t\t<div class=\"elementor-widget-wrap elementor-element-populated\">\n\t\t\t\t\t\t<div class=\"elementor-element elementor-element-f3be40e elementor-widget elementor-widget-text-editor\" data-id=\"f3be40e\" data-element_type=\"widget\" data-widget_type=\"text-editor.default\">\n\t\t\t\t<div class=\"elementor-widget-container\">\n\t\t\t\t\t\t\t\t\t<ul><li><h4><a href=\"https:\/\/bekefiiskola.hu\/web\/wp-content\/uploads\/2026\/04\/jelentkezesi26.pdf\">Jelentkez\u00e9si lap 26.<\/a><\/h4><\/li><li><h4><a href=\"https:\/\/bekefiiskola.hu\/web\/wp-content\/uploads\/2025\/04\/Hozzajarulo-nyilatkozat-fenykep-keszitesehez-iskolaba-Bekefi-1.pdf\">Hozz\u00e1j\u00e1rul\u00f3-nyilatkozat-f\u00e9nyk\u00e9p-k\u00e9sz\u00edt\u00e9s\u00e9hez<\/a><\/h4><\/li><li><h4><a href=\"https:\/\/bekefiiskola.hu\/web\/wp-content\/uploads\/2025\/04\/3-szamu-melleklet-Nyilatkozat-a-szuloi-felugyeleti-jog-gyakorlasrol-1.pdf\">3 sz\u00e1m\u00fa mell\u00e9klet &#8211; Nyilatkozat a sz\u00fcl\u0151i fel\u00fcgyeleti jog gyakorl\u00e1sr\u00f3l <\/a><\/h4><\/li><li><h4><a href=\"https:\/\/bekefiiskola.hu\/web\/wp-content\/uploads\/2025\/04\/2-melleklet-Nyilatkozat-az-eletvitelszeru-tartozkodasrol-1.pdf\"> Nyilatkozat az \u00e9letvitelszer\u0171 tart\u00f3zkod\u00e1sr\u00f3l <\/a><\/h4><\/li><li><h4><a href=\"https:\/\/bekefiiskola.hu\/web\/wp-content\/uploads\/2026\/04\/nyilatkozathittan26.pdf\">Nyilatkozat hittan 26<\/a><\/h4><\/li><li><h4><a href=\"https:\/\/bekefiiskola.hu\/web\/wp-content\/uploads\/2025\/04\/nyilatkozat_nemzetisegi-1.pdf\">Nyilatkozat nemzetisegi\u00a0 oktat\u00e1sr\u00f3l<\/a><\/h4><\/li><\/ul>\t\t\t\t\t\t\t\t<\/div>\n\t\t\t\t<\/div>\n\t\t\t\t\t<\/div>\n\t\t<\/div>\n\t\t\t\t\t<\/div>\n\t\t<\/section>\n\t\t\t\t<section class=\"elementor-section elementor-top-section elementor-element elementor-element-77454a3 elementor-section-boxed elementor-section-height-default elementor-section-height-default\" data-id=\"77454a3\" data-element_type=\"section\">\n\t\t\t\t\t\t<div class=\"elementor-container elementor-column-gap-default\">\n\t\t\t\t\t<div class=\"elementor-column elementor-col-100 elementor-top-column elementor-element elementor-element-1b475ce\" data-id=\"1b475ce\" data-element_type=\"column\">\n\t\t\t<div class=\"elementor-widget-wrap elementor-element-populated\">\n\t\t\t\t\t\t<div class=\"elementor-element elementor-element-4777f1d elementor-widget elementor-widget-text-editor\" data-id=\"4777f1d\" data-element_type=\"widget\" data-widget_type=\"text-editor.default\">\n\t\t\t\t<div class=\"elementor-widget-container\">\n\t\t\t\t\t\t\t\t\t<p><span lang=\"SK\">Tisztelt Sz\u00fcl\u0151k!<\/span><\/p><p class=\"MsoNormal\" style=\"margin-bottom: 0.0001pt; line-height: 150%;\" align=\"center\"><span lang=\"SK\">\u00a0<\/span><\/p><p class=\"MsoNormal\" style=\"margin-bottom: 0.0001pt; line-height: 150%;\" align=\"center\"><span lang=\"SK\">A leend\u0151 els\u0151 oszt\u00e1lyosok az iskol\u00e1ban di\u00e1kigazolv\u00e1nyt fognak kapni.<\/span><\/p><p class=\"MsoNormal\" style=\"margin-bottom: 0.0001pt; line-height: 150%;\" align=\"center\"><span lang=\"SK\">Ahhoz, hogy a di\u00e1kigazolv\u00e1ny ig\u00e9nyl\u00e9st az Oktat\u00e1si Hivatal fel\u00e9 el tudjuk ind\u00edtani, sz\u00fcks\u00e9ges az<\/span><\/p><p class=\"MsoNormal\" style=\"margin-bottom: 0.0001pt; line-height: 150%;\" align=\"center\"><span lang=\"SK\">Okm\u00e1nyirod\u00e1ban (Mosonmagyar\u00f3v\u00e1r, F\u0151 utca 11.) NEK adatlapot ig\u00e9nyelni\u00fck.<\/span><\/p><p class=\"MsoNormal\" style=\"margin-bottom: 0.0001pt; line-height: 150%;\" align=\"center\"><span lang=\"SK\">Ezen az adatlapon szerepel a tanul\u00f3 f\u00e9nyk\u00e9pe, adatai, sz\u00fcl\u0151 al\u00e1\u00edr\u00e1sa, ez\u00e9rt k\u00e9rem, gyermek\u00fckkel<\/span><\/p><p class=\"MsoNormal\" style=\"margin-bottom: 0.0001pt; line-height: 150%;\" align=\"center\"><span lang=\"SK\">egy\u00fctt menjenek. Az elk\u00e9sz\u00fclt NEK adatlapot azonnal k\u00e9zhez kapj\u00e1k.<\/span><\/p><p class=\"MsoNormal\" style=\"margin-bottom: 0.0001pt; line-height: 150%;\" align=\"center\"><span lang=\"SK\">Arra k\u00e9rem \u00d6n\u00f6ket, legyenek sz\u00edvesek mindezt az iskolai be\u00edrat\u00e1sra: 2023. \u00e1prilis 20-21.<\/span><\/p><p class=\"MsoNormal\" style=\"margin-bottom: 0.0001pt; line-height: 150%;\" align=\"center\"><span lang=\"SK\">elk\u00e9sz\u00edttetni, s elhozni magukkal.<\/span><\/p><p class=\"MsoNormal\" style=\"margin-bottom: 0.0001pt; line-height: 150%;\" align=\"center\"><span lang=\"SK\">Az \u00fcgyf\u00e9lszolg\u00e1lati nyitvatart\u00e1si id\u0151r\u0151l k\u00e9rem, t\u00e1j\u00e9koz\u00f3djanak el\u0151re. Lehet\u0151s\u00e9g van online<\/span><\/p><p class=\"MsoNormal\" style=\"margin-bottom: 0.0001pt; line-height: 150%;\" align=\"center\"><span lang=\"SK\">id\u0151pontfoglal\u00e1sra is \u00dcgyf\u00e9lkapuval rendelkez\u0151 \u00fcgyfeleknek.<\/span><\/p><p class=\"MsoNormal\" style=\"margin-bottom: 0.0001pt; line-height: 150%;\" align=\"center\"><span lang=\"SK\">\u00a0<\/span><\/p><p class=\"MsoNormal\" style=\"margin-bottom: 0.0001pt; line-height: 150%;\" align=\"center\"><span lang=\"SK\">Tisztelettel:<\/span><\/p><p class=\"MsoNormal\" style=\"margin-bottom: 0.0001pt; line-height: 150%;\" align=\"center\"><span lang=\"SK\">Marics T\u00edmea, igh.<\/span><\/p>\t\t\t\t\t\t\t\t<\/div>\n\t\t\t\t<\/div>\n\t\t\t\t\t<\/div>\n\t\t<\/div>\n\t\t\t\t\t<\/div>\n\t\t<\/section>\n\t\t\t\t<section class=\"elementor-section elementor-top-section elementor-element elementor-element-a2e60ae elementor-section-boxed elementor-section-height-default elementor-section-height-default\" data-id=\"a2e60ae\" data-element_type=\"section\">\n\t\t\t\t\t\t<div class=\"elementor-container elementor-column-gap-default\">\n\t\t\t\t\t<div class=\"elementor-column elementor-col-100 elementor-top-column elementor-element elementor-element-d4f2e8d\" data-id=\"d4f2e8d\" data-element_type=\"column\">\n\t\t\t<div class=\"elementor-widget-wrap elementor-element-populated\">\n\t\t\t\t\t\t<div class=\"elementor-element elementor-element-437cd96 elementor-widget elementor-widget-text-editor\" data-id=\"437cd96\" data-element_type=\"widget\" data-widget_type=\"text-editor.default\">\n\t\t\t\t<div class=\"elementor-widget-container\">\n\t\t\t\t\t\t\t\t\t<p>V\u00e1\u017een\u00ed rodi\u010dia!<\/p><p>Bud\u00faci prv\u00e1ci dostan\u00fa v \u0161kole preukaz \u017eiaka.<br \/>Aby bolo mo\u017en\u00e9 spusti\u0165 aplik\u00e1ciu \u0161tudentsk\u00e9ho preukazu na \u0161kolsk\u00fd \u00farad, je to nevyhnutn\u00e9<br \/>V kancel\u00e1rii dokladov (Mosonmagyar\u00f3v\u00e1r, F\u0151 utca 11.) by si mali vy\u017eiada\u0165 d\u00e1tov\u00fd list NEK.<br \/>Tento d\u00e1tov\u00fd h\u00e1rok obsahuje fotografiu \u0161tudenta, \u00fadaje a podpis rodi\u010da, pros\u00edm, spolu s jeho die\u0165a\u0165om<br \/>\u00eds\u0165 spolu. Vyplnen\u00fd \u00fadajov\u00fd list NEK bude doru\u010den\u00fd okam\u017eite.<br \/>\u017diadam v\u00e1s, aby ste toto v\u0161etko urobili pri z\u00e1pise do \u0161koly: 20. &#8211; 21. apr\u00edla 2023.<br \/>pripravte si ho a prineste si ho so sebou.<br \/>O otv\u00e1rac\u00edch hodin\u00e1ch z\u00e1kazn\u00edckeho servisu sa informujte vopred. Je to mo\u017en\u00e9 online<br \/>aj na rezerv\u00e1ciu term\u00ednov pre z\u00e1kazn\u00edkov so Z\u00e1kazn\u00edckym port\u00e1lom.<\/p><p>S pozdravom:<br \/>T\u00edmea Marics, z\u00e1stupky\u0148a riadite\u013ea<\/p>\t\t\t\t\t\t\t\t<\/div>\n\t\t\t\t<\/div>\n\t\t\t\t\t<\/div>\n\t\t<\/div>\n\t\t\t\t\t<\/div>\n\t\t<\/section>\n\t\t\t\t<section class=\"elementor-section elementor-top-section elementor-element elementor-element-fb26d0e elementor-section-boxed elementor-section-height-default elementor-section-height-default\" data-id=\"fb26d0e\" data-element_type=\"section\">\n\t\t\t\t\t\t<div class=\"elementor-container elementor-column-gap-default\">\n\t\t\t\t\t<div class=\"elementor-column elementor-col-100 elementor-top-column elementor-element elementor-element-07510e9\" data-id=\"07510e9\" data-element_type=\"column\">\n\t\t\t<div class=\"elementor-widget-wrap elementor-element-populated\">\n\t\t\t\t\t\t<div class=\"elementor-element elementor-element-5368cb5 elementor-widget elementor-widget-heading\" data-id=\"5368cb5\" data-element_type=\"widget\" data-widget_type=\"heading.default\">\n\t\t\t\t<div class=\"elementor-widget-container\">\n\t\t\t\t\t<h2 class=\"elementor-heading-title elementor-size-default\">Alapdokumentumok<\/h2>\t\t\t\t<\/div>\n\t\t\t\t<\/div>\n\t\t\t\t<div class=\"elementor-element elementor-element-ebf257f elementor-widget elementor-widget-text-editor\" data-id=\"ebf257f\" data-element_type=\"widget\" data-widget_type=\"text-editor.default\">\n\t\t\t\t<div class=\"elementor-widget-container\">\n\t\t\t\t\t\t\t\t\t<p><a href=\"https:\/\/bekefiiskola.hu\/web\/wp-content\/uploads\/2025\/11\/DX-2500N_20251105_161902.pdf\">PP2024<\/a><\/p><p><a href=\"https:\/\/bekefiiskola.hu\/web\/wp-content\/uploads\/2025\/02\/SZMSZ2024.pdf\">SZMSZ2024<\/a><\/p><p><a href=\"https:\/\/bekefiiskola.hu\/web\/wp-content\/uploads\/2025\/10\/hazirend-1.pdf\">B\u00e9kefi H\u00e1zirend 2024<\/a><\/p><p><a href=\"https:\/\/bekefiiskola.hu\/web\/wp-content\/uploads\/2025\/10\/SZMSZ-1.pdf\">Fenntart\u00f3i SZMSZ<\/a><\/p>\t\t\t\t\t\t\t\t<\/div>\n\t\t\t\t<\/div>\n\t\t\t\t\t<\/div>\n\t\t<\/div>\n\t\t\t\t\t<\/div>\n\t\t<\/section>\n\t\t\t\t<section class=\"elementor-section elementor-top-section elementor-element elementor-element-1a51c00 elementor-section-boxed elementor-section-height-default elementor-section-height-default\" data-id=\"1a51c00\" data-element_type=\"section\">\n\t\t\t\t\t\t<div class=\"elementor-container elementor-column-gap-default\">\n\t\t\t\t\t<div class=\"elementor-column elementor-col-100 elementor-top-column elementor-element elementor-element-0e56c83\" data-id=\"0e56c83\" data-element_type=\"column\">\n\t\t\t<div class=\"elementor-widget-wrap elementor-element-populated\">\n\t\t\t\t\t\t<div class=\"elementor-element elementor-element-d619044 elementor-widget elementor-widget-image\" data-id=\"d619044\" data-element_type=\"widget\" data-widget_type=\"image.default\">\n\t\t\t\t<div class=\"elementor-widget-container\">\n\t\t\t\t\t\t\t\t\t\t\t\t\t\t\t<img decoding=\"async\" width=\"1\" height=\"1\" src=\"https:\/\/bekefiiskola.hu\/web\/wp-content\/uploads\/2023\/04\/DX-2500N_20230414_103132-1.tif\" class=\"attachment-large size-large wp-image-592\" alt=\"\" \/>\t\t\t\t\t\t\t\t\t\t\t\t\t\t\t<\/div>\n\t\t\t\t<\/div>\n\t\t\t\t\t<\/div>\n\t\t<\/div>\n\t\t\t\t\t<\/div>\n\t\t<\/section>\n\t\t\t\t<section class=\"elementor-section elementor-top-section elementor-element elementor-element-f9cdbd1 elementor-reverse-tablet elementor-reverse-mobile elementor-section-boxed elementor-section-height-default elementor-section-height-default\" data-id=\"f9cdbd1\" data-element_type=\"section\" data-settings=\"{&quot;background_background&quot;:&quot;classic&quot;}\">\n\t\t\t\t\t\t\t<div class=\"elementor-background-overlay\"><\/div>\n\t\t\t\t\t\t\t<div class=\"elementor-container elementor-column-gap-extended\">\n\t\t\t\t\t<div class=\"elementor-column elementor-col-100 elementor-top-column elementor-element elementor-element-f2cf22b\" data-id=\"f2cf22b\" data-element_type=\"column\">\n\t\t\t<div class=\"elementor-widget-wrap elementor-element-populated\">\n\t\t\t\t\t\t<div class=\"elementor-element elementor-element-04b8fd0 elementor-widget elementor-widget-image\" data-id=\"04b8fd0\" data-element_type=\"widget\" data-widget_type=\"image.default\">\n\t\t\t\t<div class=\"elementor-widget-container\">\n\t\t\t\t\t\t\t\t\t\t\t\t\t\t\t<img decoding=\"async\" src=\"https:\/\/bekefiiskola.hu\/web\/wp-content\/uploads\/elementor\/thumbs\/e1-opudpiiq2kjzfuzlo4f3yjktz72194png4yplu8p7k.jpg\" title=\"e1\" alt=\"e1\" loading=\"lazy\" \/>\t\t\t\t\t\t\t\t\t\t\t\t\t\t\t<\/div>\n\t\t\t\t<\/div>\n\t\t\t\t\t<\/div>\n\t\t<\/div>\n\t\t\t\t\t<\/div>\n\t\t<\/section>\n\t\t\t\t<section class=\"elementor-section elementor-top-section elementor-element elementor-element-fc015de elementor-reverse-mobile elementor-section-boxed elementor-section-height-default elementor-section-height-default\" data-id=\"fc015de\" data-element_type=\"section\" data-settings=\"{&quot;background_background&quot;:&quot;classic&quot;}\">\n\t\t\t\t\t\t\t<div class=\"elementor-background-overlay\"><\/div>\n\t\t\t\t\t\t\t<div class=\"elementor-container elementor-column-gap-extended\">\n\t\t\t\t\t<div class=\"elementor-column elementor-col-100 elementor-top-column elementor-element elementor-element-831fba9\" data-id=\"831fba9\" data-element_type=\"column\">\n\t\t\t<div class=\"elementor-widget-wrap\">\n\t\t\t\t\t\t\t<\/div>\n\t\t<\/div>\n\t\t\t\t\t<\/div>\n\t\t<\/section>\n\t\t\t\t<\/div>\n\t\t","protected":false},"excerpt":{"rendered":"<p>Dokumentumok Beiratkoz\u00e1si dokumentumok Jelentkez\u00e9si lap 26. Hozz\u00e1j\u00e1rul\u00f3-nyilatkozat-f\u00e9nyk\u00e9p-k\u00e9sz\u00edt\u00e9s\u00e9hez 3 sz\u00e1m\u00fa mell\u00e9klet &#8211; Nyilatkozat a sz\u00fcl\u0151i fel\u00fcgyeleti jog gyakorl\u00e1sr\u00f3l Nyilatkozat az \u00e9letvitelszer\u0171 tart\u00f3zkod\u00e1sr\u00f3l Nyilatkozat hittan 26 Nyilatkozat nemzetisegi\u00a0 oktat\u00e1sr\u00f3l Tisztelt Sz\u00fcl\u0151k! \u00a0 A leend\u0151 els\u0151 oszt\u00e1lyosok az iskol\u00e1ban di\u00e1kigazolv\u00e1nyt fognak kapni. Ahhoz, hogy a di\u00e1kigazolv\u00e1ny ig\u00e9nyl\u00e9st az Oktat\u00e1si Hivatal fel\u00e9 el tudjuk ind\u00edtani, sz\u00fcks\u00e9ges az Okm\u00e1nyirod\u00e1ban (Mosonmagyar\u00f3v\u00e1r,&hellip;&nbsp;<a href=\"https:\/\/bekefiiskola.hu\/web\/dokumentumok\/\" class=\"\" rel=\"bookmark\">Read More &raquo;<span class=\"screen-reader-text\">Dokumentumok<\/span><\/a><\/p>\n","protected":false},"author":1,"featured_media":0,"parent":0,"menu_order":0,"comment_status":"closed","ping_status":"closed","template":"elementor_header_footer","meta":{"footnotes":""},"class_list":["post-107","page","type-page","status-publish","hentry"],"_links":{"self":[{"href":"https:\/\/bekefiiskola.hu\/web\/wp-json\/wp\/v2\/pages\/107","targetHints":{"allow":["GET"]}}],"collection":[{"href":"https:\/\/bekefiiskola.hu\/web\/wp-json\/wp\/v2\/pages"}],"about":[{"href":"https:\/\/bekefiiskola.hu\/web\/wp-json\/wp\/v2\/types\/page"}],"author":[{"embeddable":true,"href":"https:\/\/bekefiiskola.hu\/web\/wp-json\/wp\/v2\/users\/1"}],"replies":[{"embeddable":true,"href":"https:\/\/bekefiiskola.hu\/web\/wp-json\/wp\/v2\/comments?post=107"}],"version-history":[{"count":95,"href":"https:\/\/bekefiiskola.hu\/web\/wp-json\/wp\/v2\/pages\/107\/revisions"}],"predecessor-version":[{"id":860,"href":"https:\/\/bekefiiskola.hu\/web\/wp-json\/wp\/v2\/pages\/107\/revisions\/860"}],"wp:attachment":[{"href":"https:\/\/bekefiiskola.hu\/web\/wp-json\/wp\/v2\/media?parent=107"}],"curies":[{"name":"wp","href":"https:\/\/api.w.org\/{rel}","templated":true}]}}