{"id":391,"date":"2020-06-16T12:05:51","date_gmt":"2020-06-16T12:05:51","guid":{"rendered":"https:\/\/bekefiiskola.hu\/web\/?page_id=391"},"modified":"2026-02-25T15:12:39","modified_gmt":"2026-02-25T15:12:39","slug":"palyazatok","status":"publish","type":"page","link":"https:\/\/bekefiiskola.hu\/web\/palyazatok\/","title":{"rendered":"P\u00e1ly\u00e1zatok"},"content":{"rendered":"\t\t<div data-elementor-type=\"wp-page\" data-elementor-id=\"391\" class=\"elementor elementor-391\" data-elementor-post-type=\"page\">\n\t\t\t\t\t\t<section class=\"elementor-section elementor-top-section elementor-element elementor-element-22f5d85 elementor-section-content-middle elementor-section-boxed elementor-section-height-default elementor-section-height-default\" data-id=\"22f5d85\" data-element_type=\"section\">\n\t\t\t\t\t\t<div class=\"elementor-container elementor-column-gap-default\">\n\t\t\t\t\t<div class=\"elementor-column elementor-col-100 elementor-top-column elementor-element elementor-element-6cfe10d\" data-id=\"6cfe10d\" data-element_type=\"column\">\n\t\t\t<div class=\"elementor-widget-wrap elementor-element-populated\">\n\t\t\t\t\t\t<div class=\"elementor-element elementor-element-46ce8a4 elementor-widget elementor-widget-image\" data-id=\"46ce8a4\" data-element_type=\"widget\" data-widget_type=\"image.default\">\n\t\t\t\t<div class=\"elementor-widget-container\">\n\t\t\t\t\t\t\t\t\t\t\t\t\t\t\t<img decoding=\"async\" src=\"https:\/\/bekefiiskola.hu\/web\/wp-content\/uploads\/2022\/08\/Fot\u00f3k_Lipt\u00f3d-2017.pdf\" title=\"\" alt=\"\" loading=\"lazy\" \/>\t\t\t\t\t\t\t\t\t\t\t\t\t\t\t<\/div>\n\t\t\t\t<\/div>\n\t\t\t\t<div class=\"elementor-element elementor-element-401e2ae elementor-widget elementor-widget-image\" data-id=\"401e2ae\" data-element_type=\"widget\" data-widget_type=\"image.default\">\n\t\t\t\t<div class=\"elementor-widget-container\">\n\t\t\t\t\t\t\t\t\t\t\t\t\t\t\t<img fetchpriority=\"high\" decoding=\"async\" width=\"750\" height=\"244\" src=\"https:\/\/bekefiiskola.hu\/web\/wp-content\/uploads\/2022\/08\/emi-logo-1024x333.jpg\" class=\"attachment-large size-large wp-image-519\" alt=\"\" srcset=\"https:\/\/bekefiiskola.hu\/web\/wp-content\/uploads\/2022\/08\/emi-logo-1024x333.jpg 1024w, https:\/\/bekefiiskola.hu\/web\/wp-content\/uploads\/2022\/08\/emi-logo-300x98.jpg 300w, https:\/\/bekefiiskola.hu\/web\/wp-content\/uploads\/2022\/08\/emi-logo-768x250.jpg 768w, https:\/\/bekefiiskola.hu\/web\/wp-content\/uploads\/2022\/08\/emi-logo.jpg 1500w\" sizes=\"(max-width: 750px) 100vw, 750px\" \/>\t\t\t\t\t\t\t\t\t\t\t\t\t\t\t<\/div>\n\t\t\t\t<\/div>\n\t\t\t\t<div class=\"elementor-element elementor-element-8b7182f elementor-widget elementor-widget-image\" data-id=\"8b7182f\" data-element_type=\"widget\" data-widget_type=\"image.default\">\n\t\t\t\t<div class=\"elementor-widget-container\">\n\t\t\t\t\t\t\t\t\t\t\t\t\t\t\t<img decoding=\"async\" width=\"750\" height=\"385\" src=\"https:\/\/bekefiiskola.hu\/web\/wp-content\/uploads\/2022\/08\/lipt\u00f3d-768x394.jpg\" class=\"attachment-medium_large size-medium_large wp-image-517\" alt=\"\" srcset=\"https:\/\/bekefiiskola.hu\/web\/wp-content\/uploads\/2022\/08\/lipt\u00f3d-768x394.jpg 768w, https:\/\/bekefiiskola.hu\/web\/wp-content\/uploads\/2022\/08\/lipt\u00f3d-300x154.jpg 300w, https:\/\/bekefiiskola.hu\/web\/wp-content\/uploads\/2022\/08\/lipt\u00f3d-1024x526.jpg 1024w, https:\/\/bekefiiskola.hu\/web\/wp-content\/uploads\/2022\/08\/lipt\u00f3d.jpg 1134w\" sizes=\"(max-width: 750px) 100vw, 750px\" \/>\t\t\t\t\t\t\t\t\t\t\t\t\t\t\t<\/div>\n\t\t\t\t<\/div>\n\t\t\t\t<div class=\"elementor-element elementor-element-c501642 elementor-widget elementor-widget-image\" data-id=\"c501642\" data-element_type=\"widget\" data-widget_type=\"image.default\">\n\t\t\t\t<div class=\"elementor-widget-container\">\n\t\t\t\t\t\t\t\t\t\t\t\t\t\t\t<img decoding=\"async\" width=\"750\" height=\"195\" src=\"https:\/\/bekefiiskola.hu\/web\/wp-content\/uploads\/2020\/06\/megvalosult_magyarorszag_kormanyanak_tamogatasaval_2018-1024x266.jpg\" class=\"attachment-large size-large wp-image-401\" alt=\"\" srcset=\"https:\/\/bekefiiskola.hu\/web\/wp-content\/uploads\/2020\/06\/megvalosult_magyarorszag_kormanyanak_tamogatasaval_2018-1024x266.jpg 1024w, https:\/\/bekefiiskola.hu\/web\/wp-content\/uploads\/2020\/06\/megvalosult_magyarorszag_kormanyanak_tamogatasaval_2018-300x78.jpg 300w, https:\/\/bekefiiskola.hu\/web\/wp-content\/uploads\/2020\/06\/megvalosult_magyarorszag_kormanyanak_tamogatasaval_2018-768x199.jpg 768w, https:\/\/bekefiiskola.hu\/web\/wp-content\/uploads\/2020\/06\/megvalosult_magyarorszag_kormanyanak_tamogatasaval_2018-1536x399.jpg 1536w, https:\/\/bekefiiskola.hu\/web\/wp-content\/uploads\/2020\/06\/megvalosult_magyarorszag_kormanyanak_tamogatasaval_2018-2048x532.jpg 2048w\" sizes=\"(max-width: 750px) 100vw, 750px\" \/>\t\t\t\t\t\t\t\t\t\t\t\t\t\t\t<\/div>\n\t\t\t\t<\/div>\n\t\t\t\t<div class=\"elementor-element elementor-element-bc8dc5e elementor-widget__width-initial elementor-widget elementor-widget-heading\" data-id=\"bc8dc5e\" data-element_type=\"widget\" data-widget_type=\"heading.default\">\n\t\t\t\t<div class=\"elementor-widget-container\">\n\t\t\t\t\t<h2 class=\"elementor-heading-title elementor-size-default\">Lipt\u00f3d t\u00e1bor 2017.06.25-2017.07.01<\/h2>\t\t\t\t<\/div>\n\t\t\t\t<\/div>\n\t\t\t\t\t<\/div>\n\t\t<\/div>\n\t\t\t\t\t<\/div>\n\t\t<\/section>\n\t\t\t\t<section class=\"elementor-section elementor-top-section elementor-element elementor-element-b29ac53 elementor-section-boxed elementor-section-height-default elementor-section-height-default\" data-id=\"b29ac53\" data-element_type=\"section\">\n\t\t\t\t\t\t<div class=\"elementor-container elementor-column-gap-default\">\n\t\t\t\t\t<div class=\"elementor-column elementor-col-100 elementor-top-column elementor-element elementor-element-dae4c37\" data-id=\"dae4c37\" data-element_type=\"column\">\n\t\t\t<div class=\"elementor-widget-wrap elementor-element-populated\">\n\t\t\t\t\t\t<div class=\"elementor-element elementor-element-943b0bf elementor-widget elementor-widget-image\" data-id=\"943b0bf\" data-element_type=\"widget\" data-widget_type=\"image.default\">\n\t\t\t\t<div class=\"elementor-widget-container\">\n\t\t\t\t\t\t\t\t\t\t\t\t<figure class=\"wp-caption\">\n\t\t\t\t\t\t\t\t\t\t<img loading=\"lazy\" decoding=\"async\" width=\"750\" height=\"563\" src=\"https:\/\/bekefiiskola.hu\/web\/wp-content\/uploads\/2020\/06\/v1-1024x768.jpg\" class=\"attachment-large size-large wp-image-388\" alt=\"\" srcset=\"https:\/\/bekefiiskola.hu\/web\/wp-content\/uploads\/2020\/06\/v1-1024x768.jpg 1024w, https:\/\/bekefiiskola.hu\/web\/wp-content\/uploads\/2020\/06\/v1-300x225.jpg 300w, https:\/\/bekefiiskola.hu\/web\/wp-content\/uploads\/2020\/06\/v1-768x576.jpg 768w, https:\/\/bekefiiskola.hu\/web\/wp-content\/uploads\/2020\/06\/v1.jpg 1440w\" sizes=\"(max-width: 750px) 100vw, 750px\" \/>\t\t\t\t\t\t\t\t\t\t\t<figcaption class=\"widget-image-caption wp-caption-text\">V\u00e1rosl\u0151di t\u00e1bor. T\u00e1mogat\u00f3 az Emberi Er\u0151forr\u00e1sok Miniszt\u00e9riuma<\/figcaption>\n\t\t\t\t\t\t\t\t\t\t<\/figure>\n\t\t\t\t\t\t\t\t\t<\/div>\n\t\t\t\t<\/div>\n\t\t\t\t\t<\/div>\n\t\t<\/div>\n\t\t\t\t\t<\/div>\n\t\t<\/section>\n\t\t\t\t<section class=\"elementor-section elementor-top-section elementor-element elementor-element-412a64b elementor-section-boxed elementor-section-height-default elementor-section-height-default\" data-id=\"412a64b\" data-element_type=\"section\">\n\t\t\t\t\t\t<div class=\"elementor-container elementor-column-gap-default\">\n\t\t\t\t\t<div class=\"elementor-column elementor-col-100 elementor-top-column elementor-element elementor-element-d723fe0\" data-id=\"d723fe0\" data-element_type=\"column\">\n\t\t\t<div class=\"elementor-widget-wrap elementor-element-populated\">\n\t\t\t\t\t\t<div class=\"elementor-element elementor-element-43b1ada elementor-widget elementor-widget-image\" data-id=\"43b1ada\" data-element_type=\"widget\" data-widget_type=\"image.default\">\n\t\t\t\t<div class=\"elementor-widget-container\">\n\t\t\t\t\t\t\t\t\t\t\t\t\t\t\t<img decoding=\"async\" width=\"750\" height=\"195\" src=\"https:\/\/bekefiiskola.hu\/web\/wp-content\/uploads\/2020\/06\/megvalosult_magyarorszag_kormanyanak_tamogatasaval_2018-1024x266.jpg\" class=\"attachment-large size-large wp-image-401\" alt=\"\" srcset=\"https:\/\/bekefiiskola.hu\/web\/wp-content\/uploads\/2020\/06\/megvalosult_magyarorszag_kormanyanak_tamogatasaval_2018-1024x266.jpg 1024w, https:\/\/bekefiiskola.hu\/web\/wp-content\/uploads\/2020\/06\/megvalosult_magyarorszag_kormanyanak_tamogatasaval_2018-300x78.jpg 300w, https:\/\/bekefiiskola.hu\/web\/wp-content\/uploads\/2020\/06\/megvalosult_magyarorszag_kormanyanak_tamogatasaval_2018-768x199.jpg 768w, https:\/\/bekefiiskola.hu\/web\/wp-content\/uploads\/2020\/06\/megvalosult_magyarorszag_kormanyanak_tamogatasaval_2018-1536x399.jpg 1536w, https:\/\/bekefiiskola.hu\/web\/wp-content\/uploads\/2020\/06\/megvalosult_magyarorszag_kormanyanak_tamogatasaval_2018-2048x532.jpg 2048w\" sizes=\"(max-width: 750px) 100vw, 750px\" \/>\t\t\t\t\t\t\t\t\t\t\t\t\t\t\t<\/div>\n\t\t\t\t<\/div>\n\t\t\t\t\t<\/div>\n\t\t<\/div>\n\t\t\t\t\t<\/div>\n\t\t<\/section>\n\t\t\t\t<section class=\"elementor-section elementor-top-section elementor-element elementor-element-14250aa elementor-section-boxed elementor-section-height-default elementor-section-height-default\" data-id=\"14250aa\" data-element_type=\"section\">\n\t\t\t\t\t\t<div class=\"elementor-container elementor-column-gap-default\">\n\t\t\t\t\t<div class=\"elementor-column elementor-col-100 elementor-top-column elementor-element elementor-element-86c5142\" data-id=\"86c5142\" data-element_type=\"column\">\n\t\t\t<div class=\"elementor-widget-wrap elementor-element-populated\">\n\t\t\t\t\t\t<div class=\"elementor-element elementor-element-a55ba06 elementor-widget elementor-widget-image\" data-id=\"a55ba06\" data-element_type=\"widget\" data-widget_type=\"image.default\">\n\t\t\t\t<div class=\"elementor-widget-container\">\n\t\t\t\t\t\t\t\t\t\t\t\t\t\t\t<img loading=\"lazy\" decoding=\"async\" width=\"750\" height=\"563\" src=\"https:\/\/bekefiiskola.hu\/web\/wp-content\/uploads\/2020\/09\/v\u00e1rosl\u0151d2019-1024x768.jpg\" class=\"attachment-large size-large wp-image-425\" alt=\"\" srcset=\"https:\/\/bekefiiskola.hu\/web\/wp-content\/uploads\/2020\/09\/v\u00e1rosl\u0151d2019-1024x768.jpg 1024w, https:\/\/bekefiiskola.hu\/web\/wp-content\/uploads\/2020\/09\/v\u00e1rosl\u0151d2019-300x225.jpg 300w, https:\/\/bekefiiskola.hu\/web\/wp-content\/uploads\/2020\/09\/v\u00e1rosl\u0151d2019-768x576.jpg 768w, https:\/\/bekefiiskola.hu\/web\/wp-content\/uploads\/2020\/09\/v\u00e1rosl\u0151d2019-1536x1152.jpg 1536w, https:\/\/bekefiiskola.hu\/web\/wp-content\/uploads\/2020\/09\/v\u00e1rosl\u0151d2019-2048x1536.jpg 2048w\" sizes=\"(max-width: 750px) 100vw, 750px\" \/>\t\t\t\t\t\t\t\t\t\t\t\t\t\t\t<\/div>\n\t\t\t\t<\/div>\n\t\t\t\t\t<\/div>\n\t\t<\/div>\n\t\t\t\t\t<\/div>\n\t\t<\/section>\n\t\t\t\t<section class=\"elementor-section elementor-top-section elementor-element elementor-element-4a0c766 elementor-section-boxed elementor-section-height-default elementor-section-height-default\" data-id=\"4a0c766\" data-element_type=\"section\">\n\t\t\t\t\t\t<div class=\"elementor-container elementor-column-gap-default\">\n\t\t\t\t\t<div class=\"elementor-column elementor-col-100 elementor-top-column elementor-element elementor-element-1496fa2\" data-id=\"1496fa2\" data-element_type=\"column\">\n\t\t\t<div class=\"elementor-widget-wrap elementor-element-populated\">\n\t\t\t\t\t\t<div class=\"elementor-element elementor-element-c4facf3 elementor-widget elementor-widget-image\" data-id=\"c4facf3\" data-element_type=\"widget\" data-widget_type=\"image.default\">\n\t\t\t\t<div class=\"elementor-widget-container\">\n\t\t\t\t\t\t\t\t\t\t\t\t<figure class=\"wp-caption\">\n\t\t\t\t\t\t\t\t\t\t<img loading=\"lazy\" decoding=\"async\" width=\"750\" height=\"563\" src=\"https:\/\/bekefiiskola.hu\/web\/wp-content\/uploads\/2020\/12\/n\u00e9metlogohoz.jpg\" class=\"attachment-large size-large wp-image-450\" alt=\"\" srcset=\"https:\/\/bekefiiskola.hu\/web\/wp-content\/uploads\/2020\/12\/n\u00e9metlogohoz.jpg 780w, https:\/\/bekefiiskola.hu\/web\/wp-content\/uploads\/2020\/12\/n\u00e9metlogohoz-300x225.jpg 300w, https:\/\/bekefiiskola.hu\/web\/wp-content\/uploads\/2020\/12\/n\u00e9metlogohoz-768x576.jpg 768w\" sizes=\"(max-width: 750px) 100vw, 750px\" \/>\t\t\t\t\t\t\t\t\t\t\t<figcaption class=\"widget-image-caption wp-caption-text\">NEMZ-N-20-0184<\/figcaption>\n\t\t\t\t\t\t\t\t\t\t<\/figure>\n\t\t\t\t\t\t\t\t\t<\/div>\n\t\t\t\t<\/div>\n\t\t\t\t\t<\/div>\n\t\t<\/div>\n\t\t\t\t\t<\/div>\n\t\t<\/section>\n\t\t\t\t<section class=\"elementor-section elementor-top-section elementor-element elementor-element-c4031db elementor-section-boxed elementor-section-height-default elementor-section-height-default\" data-id=\"c4031db\" data-element_type=\"section\">\n\t\t\t\t\t\t<div class=\"elementor-container elementor-column-gap-default\">\n\t\t\t\t\t<div class=\"elementor-column elementor-col-100 elementor-top-column elementor-element elementor-element-9bf23f0\" data-id=\"9bf23f0\" data-element_type=\"column\">\n\t\t\t<div class=\"elementor-widget-wrap elementor-element-populated\">\n\t\t\t\t\t\t<div class=\"elementor-element elementor-element-7b2f2e4 elementor-widget elementor-widget-image\" data-id=\"7b2f2e4\" data-element_type=\"widget\" data-widget_type=\"image.default\">\n\t\t\t\t<div class=\"elementor-widget-container\">\n\t\t\t\t\t\t\t\t\t\t\t\t\t\t\t<img loading=\"lazy\" decoding=\"async\" width=\"750\" height=\"1333\" src=\"https:\/\/bekefiiskola.hu\/web\/wp-content\/uploads\/2021\/01\/IMG_20201126_080520-768x1365.jpg\" class=\"attachment-medium_large size-medium_large wp-image-454\" alt=\"\" srcset=\"https:\/\/bekefiiskola.hu\/web\/wp-content\/uploads\/2021\/01\/IMG_20201126_080520-768x1365.jpg 768w, https:\/\/bekefiiskola.hu\/web\/wp-content\/uploads\/2021\/01\/IMG_20201126_080520-169x300.jpg 169w, https:\/\/bekefiiskola.hu\/web\/wp-content\/uploads\/2021\/01\/IMG_20201126_080520-576x1024.jpg 576w, https:\/\/bekefiiskola.hu\/web\/wp-content\/uploads\/2021\/01\/IMG_20201126_080520-864x1536.jpg 864w, https:\/\/bekefiiskola.hu\/web\/wp-content\/uploads\/2021\/01\/IMG_20201126_080520-1152x2048.jpg 1152w, https:\/\/bekefiiskola.hu\/web\/wp-content\/uploads\/2021\/01\/IMG_20201126_080520-scaled.jpg 1440w\" sizes=\"(max-width: 750px) 100vw, 750px\" \/>\t\t\t\t\t\t\t\t\t\t\t\t\t\t\t<\/div>\n\t\t\t\t<\/div>\n\t\t\t\t<div class=\"elementor-element elementor-element-de900fb elementor-widget elementor-widget-heading\" data-id=\"de900fb\" data-element_type=\"widget\" data-widget_type=\"heading.default\">\n\t\t\t\t<div class=\"elementor-widget-container\">\n\t\t\t\t\t<h2 class=\"elementor-heading-title elementor-size-default\">\u201eGef\u00f6rdert durch: Bundesministerium des Innern, f\u00fcr Bau und Heimat aufgrund eines Beschlusses des Deutschen Bundestages\u201d.<\/h2>\t\t\t\t<\/div>\n\t\t\t\t<\/div>\n\t\t\t\t\t<\/div>\n\t\t<\/div>\n\t\t\t\t\t<\/div>\n\t\t<\/section>\n\t\t\t\t<section class=\"elementor-section elementor-top-section elementor-element elementor-element-4cc557b elementor-section-boxed elementor-section-height-default elementor-section-height-default\" data-id=\"4cc557b\" data-element_type=\"section\">\n\t\t\t\t\t\t<div class=\"elementor-container elementor-column-gap-default\">\n\t\t\t\t\t<div class=\"elementor-column elementor-col-100 elementor-top-column elementor-element elementor-element-9ccf39c\" data-id=\"9ccf39c\" data-element_type=\"column\">\n\t\t\t<div class=\"elementor-widget-wrap elementor-element-populated\">\n\t\t\t\t\t\t<div class=\"elementor-element elementor-element-e73f4a1 elementor-widget elementor-widget-image\" data-id=\"e73f4a1\" data-element_type=\"widget\" data-widget_type=\"image.default\">\n\t\t\t\t<div class=\"elementor-widget-container\">\n\t\t\t\t\t\t\t\t\t\t\t\t\t\t\t<img loading=\"lazy\" decoding=\"async\" width=\"750\" height=\"195\" src=\"https:\/\/bekefiiskola.hu\/web\/wp-content\/uploads\/2023\/09\/bga-logo-1024x266.jpg\" class=\"attachment-large size-large wp-image-656\" alt=\"\" srcset=\"https:\/\/bekefiiskola.hu\/web\/wp-content\/uploads\/2023\/09\/bga-logo-1024x266.jpg 1024w, https:\/\/bekefiiskola.hu\/web\/wp-content\/uploads\/2023\/09\/bga-logo-300x78.jpg 300w, https:\/\/bekefiiskola.hu\/web\/wp-content\/uploads\/2023\/09\/bga-logo-768x199.jpg 768w, https:\/\/bekefiiskola.hu\/web\/wp-content\/uploads\/2023\/09\/bga-logo-1536x399.jpg 1536w, https:\/\/bekefiiskola.hu\/web\/wp-content\/uploads\/2023\/09\/bga-logo-2048x532.jpg 2048w\" sizes=\"(max-width: 750px) 100vw, 750px\" \/>\t\t\t\t\t\t\t\t\t\t\t\t\t\t\t<\/div>\n\t\t\t\t<\/div>\n\t\t\t\t\t<\/div>\n\t\t<\/div>\n\t\t\t\t\t<\/div>\n\t\t<\/section>\n\t\t\t\t<section class=\"elementor-section elementor-top-section elementor-element elementor-element-9db3464 elementor-section-boxed elementor-section-height-default elementor-section-height-default\" data-id=\"9db3464\" data-element_type=\"section\">\n\t\t\t\t\t\t<div class=\"elementor-container elementor-column-gap-default\">\n\t\t\t\t\t<div class=\"elementor-column elementor-col-100 elementor-top-column elementor-element elementor-element-acd3026\" data-id=\"acd3026\" data-element_type=\"column\">\n\t\t\t<div class=\"elementor-widget-wrap elementor-element-populated\">\n\t\t\t\t\t\t<div class=\"elementor-element elementor-element-fbed119 elementor-widget elementor-widget-image\" data-id=\"fbed119\" data-element_type=\"widget\" data-widget_type=\"image.default\">\n\t\t\t\t<div class=\"elementor-widget-container\">\n\t\t\t\t\t\t\t\t\t\t\t\t\t\t\t<img loading=\"lazy\" decoding=\"async\" width=\"750\" height=\"423\" src=\"https:\/\/bekefiiskola.hu\/web\/wp-content\/uploads\/2024\/01\/Nemet-napkozis-tabor-Rajkan-1024x577.jpg\" class=\"attachment-large size-large wp-image-683\" alt=\"\" srcset=\"https:\/\/bekefiiskola.hu\/web\/wp-content\/uploads\/2024\/01\/Nemet-napkozis-tabor-Rajkan-1024x577.jpg 1024w, https:\/\/bekefiiskola.hu\/web\/wp-content\/uploads\/2024\/01\/Nemet-napkozis-tabor-Rajkan-300x169.jpg 300w, https:\/\/bekefiiskola.hu\/web\/wp-content\/uploads\/2024\/01\/Nemet-napkozis-tabor-Rajkan-768x433.jpg 768w, https:\/\/bekefiiskola.hu\/web\/wp-content\/uploads\/2024\/01\/Nemet-napkozis-tabor-Rajkan-1536x865.jpg 1536w, https:\/\/bekefiiskola.hu\/web\/wp-content\/uploads\/2024\/01\/Nemet-napkozis-tabor-Rajkan.jpg 1640w\" sizes=\"(max-width: 750px) 100vw, 750px\" \/>\t\t\t\t\t\t\t\t\t\t\t\t\t\t\t<\/div>\n\t\t\t\t<\/div>\n\t\t\t\t\t<\/div>\n\t\t<\/div>\n\t\t\t\t\t<\/div>\n\t\t<\/section>\n\t\t\t\t<section class=\"elementor-section elementor-top-section elementor-element elementor-element-552e118 elementor-section-boxed elementor-section-height-default elementor-section-height-default\" data-id=\"552e118\" data-element_type=\"section\">\n\t\t\t\t\t\t<div class=\"elementor-container elementor-column-gap-default\">\n\t\t\t\t\t<div class=\"elementor-column elementor-col-100 elementor-top-column elementor-element elementor-element-ac6f673\" data-id=\"ac6f673\" data-element_type=\"column\">\n\t\t\t<div class=\"elementor-widget-wrap elementor-element-populated\">\n\t\t\t\t\t\t<div class=\"elementor-element elementor-element-5e2cd0e elementor-widget elementor-widget-image\" data-id=\"5e2cd0e\" data-element_type=\"widget\" data-widget_type=\"image.default\">\n\t\t\t\t<div class=\"elementor-widget-container\">\n\t\t\t\t\t\t\t\t\t\t\t\t\t\t\t<img loading=\"lazy\" decoding=\"async\" width=\"750\" height=\"643\" src=\"https:\/\/bekefiiskola.hu\/web\/wp-content\/uploads\/2025\/01\/nemet24.jpg\" class=\"attachment-medium_large size-medium_large wp-image-707\" alt=\"\" srcset=\"https:\/\/bekefiiskola.hu\/web\/wp-content\/uploads\/2025\/01\/nemet24.jpg 758w, https:\/\/bekefiiskola.hu\/web\/wp-content\/uploads\/2025\/01\/nemet24-300x257.jpg 300w\" sizes=\"(max-width: 750px) 100vw, 750px\" \/>\t\t\t\t\t\t\t\t\t\t\t\t\t\t\t<\/div>\n\t\t\t\t<\/div>\n\t\t\t\t\t<\/div>\n\t\t<\/div>\n\t\t\t\t\t<\/div>\n\t\t<\/section>\n\t\t\t\t<section class=\"elementor-section elementor-top-section elementor-element elementor-element-7b953f6 elementor-section-boxed elementor-section-height-default elementor-section-height-default\" data-id=\"7b953f6\" data-element_type=\"section\">\n\t\t\t\t\t\t<div class=\"elementor-container elementor-column-gap-default\">\n\t\t\t\t\t<div class=\"elementor-column elementor-col-100 elementor-top-column elementor-element elementor-element-c2b042c\" data-id=\"c2b042c\" data-element_type=\"column\">\n\t\t\t<div class=\"elementor-widget-wrap elementor-element-populated\">\n\t\t\t\t\t\t<div class=\"elementor-element elementor-element-c489f13 elementor-widget elementor-widget-image\" data-id=\"c489f13\" data-element_type=\"widget\" data-widget_type=\"image.default\">\n\t\t\t\t<div class=\"elementor-widget-container\">\n\t\t\t\t\t\t\t\t\t\t\t\t\t\t\t<img loading=\"lazy\" decoding=\"async\" width=\"750\" height=\"195\" src=\"https:\/\/bekefiiskola.hu\/web\/wp-content\/uploads\/2026\/02\/keszult_magyarorszag_korm_tamogatasaval_2025-2048x532-1-1024x266.jpg\" class=\"attachment-large size-large wp-image-832\" alt=\"\" srcset=\"https:\/\/bekefiiskola.hu\/web\/wp-content\/uploads\/2026\/02\/keszult_magyarorszag_korm_tamogatasaval_2025-2048x532-1-1024x266.jpg 1024w, https:\/\/bekefiiskola.hu\/web\/wp-content\/uploads\/2026\/02\/keszult_magyarorszag_korm_tamogatasaval_2025-2048x532-1-300x78.jpg 300w, https:\/\/bekefiiskola.hu\/web\/wp-content\/uploads\/2026\/02\/keszult_magyarorszag_korm_tamogatasaval_2025-2048x532-1-768x200.jpg 768w, https:\/\/bekefiiskola.hu\/web\/wp-content\/uploads\/2026\/02\/keszult_magyarorszag_korm_tamogatasaval_2025-2048x532-1-1536x399.jpg 1536w, https:\/\/bekefiiskola.hu\/web\/wp-content\/uploads\/2026\/02\/keszult_magyarorszag_korm_tamogatasaval_2025-2048x532-1.jpg 2048w\" sizes=\"(max-width: 750px) 100vw, 750px\" \/>\t\t\t\t\t\t\t\t\t\t\t\t\t\t\t<\/div>\n\t\t\t\t<\/div>\n\t\t\t\t\t<\/div>\n\t\t<\/div>\n\t\t\t\t\t<\/div>\n\t\t<\/section>\n\t\t\t\t<\/div>\n\t\t","protected":false},"excerpt":{"rendered":"<p>Lipt\u00f3d t\u00e1bor 2017.06.25-2017.07.01 V\u00e1rosl\u0151di t\u00e1bor. T\u00e1mogat\u00f3 az Emberi Er\u0151forr\u00e1sok Miniszt\u00e9riuma NEMZ-N-20-0184 \u201eGef\u00f6rdert durch: Bundesministerium des Innern, f\u00fcr Bau und Heimat aufgrund eines Beschlusses des Deutschen Bundestages\u201d.<\/p>\n","protected":false},"author":2,"featured_media":0,"parent":0,"menu_order":0,"comment_status":"closed","ping_status":"closed","template":"page-templates\/template-pagebuilder-full-width.php","meta":{"footnotes":""},"class_list":["post-391","page","type-page","status-publish","hentry"],"_links":{"self":[{"href":"https:\/\/bekefiiskola.hu\/web\/wp-json\/wp\/v2\/pages\/391","targetHints":{"allow":["GET"]}}],"collection":[{"href":"https:\/\/bekefiiskola.hu\/web\/wp-json\/wp\/v2\/pages"}],"about":[{"href":"https:\/\/bekefiiskola.hu\/web\/wp-json\/wp\/v2\/types\/page"}],"author":[{"embeddable":true,"href":"https:\/\/bekefiiskola.hu\/web\/wp-json\/wp\/v2\/users\/2"}],"replies":[{"embeddable":true,"href":"https:\/\/bekefiiskola.hu\/web\/wp-json\/wp\/v2\/comments?post=391"}],"version-history":[{"count":29,"href":"https:\/\/bekefiiskola.hu\/web\/wp-json\/wp\/v2\/pages\/391\/revisions"}],"predecessor-version":[{"id":835,"href":"https:\/\/bekefiiskola.hu\/web\/wp-json\/wp\/v2\/pages\/391\/revisions\/835"}],"wp:attachment":[{"href":"https:\/\/bekefiiskola.hu\/web\/wp-json\/wp\/v2\/media?parent=391"}],"curies":[{"name":"wp","href":"https:\/\/api.w.org\/{rel}","templated":true}]}}